{"id":162,"date":"2021-12-06T23:12:32","date_gmt":"2021-12-06T23:12:32","guid":{"rendered":"https:\/\/pcyti.izt.uam.mx\/posgrado\/?page_id=162"},"modified":"2023-03-24T19:16:34","modified_gmt":"2023-03-24T19:16:34","slug":"informacion-general-doctorado","status":"publish","type":"page","link":"https:\/\/pcyti.izt.uam.mx\/?page_id=162","title":{"rendered":"Informaci\u00f3n general &#8211; Doctorado"},"content":{"rendered":"\n<h1 class=\"var(--main-color) has-text-color wp-block-heading\" style=\"color:#0d5899\"><strong>Doctorado en Ciencias<\/strong> (Ciencias y Tecnolog\u00edas de la Informaci\u00f3n)<\/h1>\n\n\n\n<div style=\"height:28px\" aria-hidden=\"true\" class=\"wp-block-spacer\"><\/div>\n\n\n\n<h2 class=\"has-text-color wp-block-heading\" style=\"color:#0d5899\"><strong>Informaci\u00f3n general<\/strong><\/h2>\n\n\n\n<h3 class=\"has-text-color wp-block-heading\" style=\"color:#0d5899\"><strong>Presentaci\u00f3n<\/strong><\/h3>\n\n\n\n<p>A finales del siglo XX,&nbsp;la sociedad experiment\u00f3 un cambio fundamental al pasar de una \u201csociedad industrial\u201d a una \u201csociedad de la comunicaci\u00f3n\u201d. Desde su creaci\u00f3n la computaci\u00f3n se convirti\u00f3 en&nbsp;la tecnolog\u00eda de nuestra era y, cuando las comunicaciones permitieron la interconexi\u00f3n de las computadoras, \u00e9sta cambi\u00f3 nuestra forma de vivir y de trabajar.<\/p>\n\n\n\n<p>Asimismo, la aparici\u00f3n de la Internet convirti\u00f3 a la computadora en un dispositivo de comunicaci\u00f3n de f\u00e1cil utilizaci\u00f3n que permit\u00eda el acceso al mundo entero, a trav\u00e9s de la telara\u00f1a mundial (en ingl\u00e9s,&nbsp;<em>World Wide Web)<\/em>. La aceptaci\u00f3n t\u00e1cita del WWW por la sociedad entera convirit\u00f3 a los navegadores de Internet en la raz\u00f3n principal para utilizar una computadora y provoc\u00f3&nbsp;una demanda extraordinaria de contenido y de servicios de la Internet. La satisfacci\u00f3n de esta&nbsp;demanda de servicios es una consecuencia de la investigaci\u00f3n,el desarrollo y el aprovechamiento de las Ciencias y Tecnolog\u00edas de de la Informaci\u00f3n; intergadas por las comunicaciones (sustento material de la Internet) y por las distintas \u00e1reas de la computaci\u00f3n (involucradas en la&nbsp;gran variedad de aplicaciones).<\/p>\n\n\n\n<p>El estudio de las comunicaciones digitales y las redes de computadoras com\u00fanmente se aborda mediante la agrupaci\u00f3n de las tareas y operaciones de estos sistemas e nsus niveles funcionales, relacionados con el grado de agregaci\u00f3n de la informaci\u00f3n y lo complejo de sus significados. De esta manera, los niveles funcionales bajos son aqu\u00e9llos donde se resuelven problemas como la codificaci\u00f3n de la fuente&nbsp;y la del&nbsp;canal, la multicanalizaci\u00f3n, el manejo de la integridad de los datos, el control de acceso los medios y el encaminamiento de las transmisiones.&nbsp;Por otro lado,&nbsp;los niveles superiores o de servicios, son aqu\u00e9llos en los que se asume una trayectoria construida, a trav\u00e9s&nbsp;de los niveles b\u00e1sicos, entre dos puntos extremos, la cual provoca un flujo de informaci\u00f3n interpretada por&nbsp;una aplicaci\u00f3n remota, sujeta a las restricciones de un recurso distante, como la seguridad de acceso, el uso compartido, el sistema operativo en el que se ejecuta, entre otras. Tradicionalmente, las programas&nbsp;cl\u00e1sicos de posgrado en Ciencias de la Computaci\u00f3n se concentraban en el estudio de los niveles superiores, mientras que aqu\u00e9llos en Sistemas Comunicaciones y Redes estudiaban los&nbsp;inferiores.<\/p>\n\n\n\n<p>La creaci\u00f3n del Posgrado en Ciencias y Tecnolog\u00edas de la Informaci\u00f3n obedece a la necesidad cada vez mayor de&nbsp;los profesionales y&nbsp;especialistas con habilidades y competencias combinadas en las \u00e1reas de telecomunicaciones, redes y ciencias de la computaci\u00f3n.&nbsp;El objetivo es brindar a estos profesionales, capaces de abordar el estudio sistem\u00e1tico de los niveles de servicios desde&nbsp;la perspectiva de las aplicaciones y sistemas de comunicaciones m\u00e1s novedosos, un conjunto de herramientas que les permitan estudiar&nbsp;diversas l\u00edneas de conocimiento en las ciencias y tecnolog\u00edas de la informaci\u00f3n,&nbsp;como los sistemas distribuidos, las comunicaciones multimedia, los sistemas cognitivos y el c\u00f3mputo cient\u00edfico de alto rendimiento, entre otras.<\/p>\n\n\n\n<h3 class=\"has-text-color wp-block-heading\" style=\"color:#0d5899\">Ingreso<\/h3>\n\n\n\n<p>El programa de Posgrado en Ciencias y Tecnolog\u00edas de la Informaci\u00f3n (PCyTI) admite aspirantes egresados de Licenciaturas y Maestr\u00edas afines:<\/p>\n\n\n\n<ul class=\"wp-block-list\">\n<li>Computaci\u00f3n<\/li>\n\n\n\n<li>Matem\u00e1ticas Aplicadas<\/li>\n\n\n\n<li>Ingenier\u00eda en Computaci\u00f3n<\/li>\n\n\n\n<li>Ingenier\u00eda Electr\u00f3nica<\/li>\n\n\n\n<li>Ingenier\u00eda en Sistemas Computacionales<\/li>\n\n\n\n<li>Ingenier\u00eda en Telecomunicaciones<\/li>\n\n\n\n<li>Maestr\u00eda en Ciencias de la Computaci\u00f3n<\/li>\n\n\n\n<li>Maestr\u00eda en Ciencias y Tecnolog\u00edas de la Informaci\u00f3n<\/li>\n\n\n\n<li>Etc\u00e9tera<\/li>\n<\/ul>\n\n\n\n<p>El Doctorado&nbsp;en Ciencias y Tecnolog\u00edas de la Informaci\u00f3n (DCyTI) abre su proceso de inscripci\u00f3n <strong>dos veces al a\u00f1o<\/strong> en los trimestres de oto\u00f1o, invierno y primavera (ver <a rel=\"noreferrer noopener\" href=\"http:\/\/www.uam.mx\/calendario\/\" target=\"_blank\">calendario vigente<\/a>).&nbsp;El PCyTI <strong>no ofrece un doctorado directo&nbsp;<\/strong>(ingreso al doctorado \u00fanicamente con el t\u00edtulo de Licenciatura); sin embargo, existe la posibilidad de que un alumno de maestr\u00eda realice un cambio de opci\u00f3n terminal de Maestr\u00eda a Doctorado (ver planes de estudios: <a href=\"https:\/\/pcyti.izt.uam.mx\/?page_id=153\" data-type=\"page\">maestr\u00eda<\/a>, <a href=\"https:\/\/pcyti.izt.uam.mx\/?page_id=175\" data-type=\"page\">doctorado<\/a>).<\/p>\n\n\n\n<p>Como el PCyTI pertenece al <a href=\"http:\/\/www.conacyt.mx\/index.php\/becas-y-posgrados\/programa-nacional-de-posgrados-de-calidad\" target=\"_blank\" rel=\"noreferrer noopener\">Programa Nacional de Posgrados de Calidad (PNPC)<\/a> del <a href=\"http:\/\/www.conacyt.mx\/\" target=\"_blank\" rel=\"noreferrer noopener\">Consejo Nacional de Ciencia y Tecnolog\u00eda (CONACYT)<\/a>,&nbsp;tanto la maestr\u00eda como el doctorado son de <strong>TIEMPO COMPLETO<\/strong> y cuentan con <a href=\"http:\/\/www.conacyt.mx\/index.php\/becas-y-posgrados\/becas-nacionales\" target=\"_blank\" rel=\"noreferrer noopener\">beca<\/a>.<\/p>\n\n\n\n<p>Los candidatos&nbsp;interesados en realizar estudios de doctorado en el PCyTI deben contactar a alguno de los <a href=\"https:\/\/pcyti.izt.uam.mx\/?page_id=749\">profesores del n\u00facleo del PCyTI<\/a> antes del proceso de admisi\u00f3n, con la finalidad de elegir o proponer un proyecto de investigaci\u00f3n. Ver&nbsp;proceso de admisi\u00f3n.<\/p>\n\n\n\n<h3 class=\"has-text-color wp-block-heading\" style=\"color:#0d5899\">Objetivos del DCyTI<\/h3>\n\n\n\n<p>Formar investigadores, profesores y profesionales con conocimientos s\u00f3lidos y una perspectiva global en las \u00e1reas de las CyTI, capaces de:<\/p>\n\n\n\n<ul class=\"wp-block-list\">\n<li>Identificar y caracterizar problemas de frontera en un dominio de especializaci\u00f3n, as\u00ed como proponer y desarrollar un m\u00e9todo de investigaci\u00f3n que contribuya a su soluci\u00f3n mediante la generaci\u00f3n de conocimiento.<\/li>\n\n\n\n<li>Aplicar el conocimiento a la generaci\u00f3n de tecnolog\u00edas y m\u00e9todos innovadores.<\/li>\n\n\n\n<li>Comunicar sus conocimientos de manera efectiva, tanto de forma oral como escrita.<\/li>\n\n\n\n<li>Adquirir conocimiento por iniciativa propia.<\/li>\n\n\n\n<li>Desempe\u00f1arse, en el uso y generaci\u00f3n de conocimiento, con un criterio independiente que les permita reconocer el efecto de sus acciones en el entorno.<\/li>\n<\/ul>\n\n\n\n<h3 class=\"has-text-color wp-block-heading\" style=\"color:#0d5899\">Grado que se otorga<\/h3>\n\n\n\n<p>El DCyTI otorga al egresado el grado de Doctor&nbsp;en Ciencias (Ciencias y Tecnolog\u00edas de la Informaci\u00f3n).<\/p>\n\n\n\n<h3 class=\"has-text-color wp-block-heading\" style=\"color:#0d5899\">Antecedentes acad\u00e9micos necesarios<\/h3>\n\n\n\n<p>Poseer el t\u00edtulo, o demostrar fehacientemente haber terminado en su totalidad el plan de estudios, de una licenciatura en un \u00e1rea que, a juicio de la Comisi\u00f3n del Posgrado en Ciencias y Tecnolog\u00edas de la Informaci\u00f3n (PCyTI), sea af\u00edn a las CyTI. Cualquier otro caso particular ser\u00e1 analizado por la Comisi\u00f3n del PCyTI.<\/p>\n\n\n\n<h3 class=\"has-text-color wp-block-heading\" style=\"color:#0d5899\">Estructura del plan de estudios<\/h3>\n\n\n\n<div class=\"wp-block-columns is-layout-flex wp-container-core-columns-is-layout-9d6595d7 wp-block-columns-is-layout-flex\">\n<div class=\"wp-block-column is-layout-flow wp-block-column-is-layout-flow\">\n<p>El plan de estudios se conforma por los niveles I y II. El Nivel I se divide en las etapas de Formaci\u00f3n B\u00e1sica, Formaci\u00f3n Complementaria e Investigaci\u00f3n. Los objetivos y las Unidades Ense\u00f1anza-Aprendizaje (UEA) de esta \u00faltima etapa son espec\u00edficos con respecto al grado que se pretenda obtener. El Nivel II se integra por las etapas de Formaci\u00f3n Complementaria e Investigaci\u00f3n.<\/p>\n\n\n\n<p>El alumno que aspire a obtener el grado de doctor, deber\u00e1 preparar un proyecto de investigaci\u00f3n doctoral durante la etapa de Investigaci\u00f3n de Nivel I; asimismo, deber\u00e1 defenderlo en un examen predoctoral; en caso de aprobarlo podr\u00e1 cursar las UEA del Nivel II. Al cubrir los cr\u00e9ditos de este nivel presentar\u00e1 una tesis y la defender\u00e1 en disertaci\u00f3n p\u00fablica.&nbsp;Un alumno que inicialmente se haya inscrito al Posgrado con la finalidad de obtener el grado de maestro, podr\u00e1 solicitar su cambio para aspirar al grado de doctor (renunciando autom\u00e1ticamente al grado de maestro) una vez que haya cubierto la etapa de Formaci\u00f3n B\u00e1sica y antes de iniciar la etapa de Investigaci\u00f3n del Nivel I. La Comisi\u00f3n del PCyTI analizar\u00e1 y, en su caso, autorizar\u00e1 la solicitud si el alumno cuenta con las habilidades requeridas para cursar exitosamente los estudios de doctorado, de conformidad con los lineamientos particulares del PCyTI.<\/p>\n<\/div>\n\n\n\n<div class=\"wp-block-column is-layout-flow wp-block-column-is-layout-flow\"><div class=\"wp-block-image\">\n<figure class=\"alignright size-full\"><img loading=\"lazy\" decoding=\"async\" width=\"888\" height=\"817\" src=\"https:\/\/pcyti.izt.uam.mx\/wp-content\/uploads\/maestria1.png\" alt=\"\" class=\"wp-image-777\"\/><\/figure>\n<\/div><\/div>\n<\/div>\n\n\n\n<h3 class=\"has-text-color wp-block-heading\" style=\"color:#0d5899\">Informaci\u00f3n adicional<\/h3>\n\n\n\n<ul class=\"wp-block-list\">\n<li><a href=\"https:\/\/pcyti.izt.uam.mx\/?page_id=151\">Perfiles de&nbsp;ingreso y egreso<\/a><\/li>\n\n\n\n<li><a data-type=\"page\" href=\"https:\/\/pcyti.izt.uam.mx\/?page_id=3831\">Proceso de admisi\u00f3n: Candidatos nacionales<\/a><\/li>\n\n\n\n<li><a href=\"https:\/\/pcyti.izt.uam.mx\/?page_id=127\" data-type=\"page\">Proceso de admisi\u00f3n: Candidatos extranjeros<\/a><\/li>\n\n\n\n<li><a href=\"https:\/\/pcyti.izt.uam.mx\/?page_id=175\" data-type=\"page\">Plan de estudios<\/a><\/li>\n<\/ul>\n\n\n\n<p><\/p>\n","protected":false},"excerpt":{"rendered":"<p>Doctorado en Ciencias (Ciencias y Tecnolog\u00edas de la Informaci\u00f3n) Informaci\u00f3n general Presentaci\u00f3n A finales del siglo XX,&nbsp;la sociedad experiment\u00f3 un cambio fundamental al pasar de una \u201csociedad industrial\u201d a una \u201csociedad de la comunicaci\u00f3n\u201d. Desde su creaci\u00f3n la computaci\u00f3n se convirti\u00f3 en&nbsp;la tecnolog\u00eda de nuestra era y, cuando las comunicaciones permitieron la interconexi\u00f3n de las<\/p>\n","protected":false},"author":2,"featured_media":0,"parent":0,"menu_order":0,"comment_status":"closed","ping_status":"closed","template":"page-fullwidth.php","meta":{"_lmt_disableupdate":"","_lmt_disable":"","footnotes":""},"class_list":["post-162","page","type-page","status-publish","hentry"],"yoast_head":"<!-- This site is optimized with the Yoast SEO plugin v27.2 - https:\/\/yoast.com\/product\/yoast-seo-wordpress\/ -->\n<title>Informaci\u00f3n general - Doctorado - Posgrado en Ciencias y Tecnolog\u00edas de la Informaci\u00f3n<\/title>\n<meta name=\"robots\" content=\"index, follow, max-snippet:-1, max-image-preview:large, max-video-preview:-1\" \/>\n<link rel=\"canonical\" href=\"https:\/\/pcyti.izt.uam.mx\/?page_id=162\" \/>\n<meta property=\"og:locale\" content=\"es_MX\" \/>\n<meta property=\"og:type\" content=\"article\" \/>\n<meta property=\"og:title\" content=\"Informaci\u00f3n general - Doctorado - Posgrado en Ciencias y Tecnolog\u00edas de la Informaci\u00f3n\" \/>\n<meta property=\"og:description\" content=\"Doctorado en Ciencias (Ciencias y Tecnolog\u00edas de la Informaci\u00f3n) Informaci\u00f3n general Presentaci\u00f3n A finales del siglo XX,&nbsp;la sociedad experiment\u00f3 un cambio fundamental al pasar de una \u201csociedad industrial\u201d a una \u201csociedad de la comunicaci\u00f3n\u201d. Desde su creaci\u00f3n la computaci\u00f3n se convirti\u00f3 en&nbsp;la tecnolog\u00eda de nuestra era y, cuando las comunicaciones permitieron la interconexi\u00f3n de las\" \/>\n<meta property=\"og:url\" content=\"https:\/\/pcyti.izt.uam.mx\/?page_id=162\" \/>\n<meta property=\"og:site_name\" content=\"Posgrado en Ciencias y Tecnolog\u00edas de la Informaci\u00f3n\" \/>\n<meta property=\"article:publisher\" content=\"https:\/\/www.facebook.com\/pcyti\/\" \/>\n<meta property=\"article:modified_time\" content=\"2023-03-24T19:16:34+00:00\" \/>\n<meta property=\"og:image\" content=\"https:\/\/pcyti.izt.uam.mx\/wp-content\/uploads\/maestria1.png\" \/>\n<meta name=\"twitter:card\" content=\"summary_large_image\" \/>\n<meta name=\"twitter:label1\" content=\"Tiempo de lectura\" \/>\n\t<meta name=\"twitter:data1\" content=\"6 minutos\" \/>\n<script type=\"application\/ld+json\" class=\"yoast-schema-graph\">{\"@context\":\"https:\/\/schema.org\",\"@graph\":[{\"@type\":\"WebPage\",\"@id\":\"https:\/\/pcyti.izt.uam.mx\/?page_id=162\",\"url\":\"https:\/\/pcyti.izt.uam.mx\/?page_id=162\",\"name\":\"Informaci\u00f3n general - Doctorado - Posgrado en Ciencias y Tecnolog\u00edas de la Informaci\u00f3n\",\"isPartOf\":{\"@id\":\"https:\/\/pcyti.izt.uam.mx\/#website\"},\"primaryImageOfPage\":{\"@id\":\"https:\/\/pcyti.izt.uam.mx\/?page_id=162#primaryimage\"},\"image\":{\"@id\":\"https:\/\/pcyti.izt.uam.mx\/?page_id=162#primaryimage\"},\"thumbnailUrl\":\"https:\/\/pcyti.izt.uam.mx\/wp-content\/uploads\/maestria1.png\",\"datePublished\":\"2021-12-06T23:12:32+00:00\",\"dateModified\":\"2023-03-24T19:16:34+00:00\",\"breadcrumb\":{\"@id\":\"https:\/\/pcyti.izt.uam.mx\/?page_id=162#breadcrumb\"},\"inLanguage\":\"es\",\"potentialAction\":[{\"@type\":\"ReadAction\",\"target\":[\"https:\/\/pcyti.izt.uam.mx\/?page_id=162\"]}]},{\"@type\":\"ImageObject\",\"inLanguage\":\"es\",\"@id\":\"https:\/\/pcyti.izt.uam.mx\/?page_id=162#primaryimage\",\"url\":\"https:\/\/pcyti.izt.uam.mx\/wp-content\/uploads\/maestria1.png\",\"contentUrl\":\"https:\/\/pcyti.izt.uam.mx\/wp-content\/uploads\/maestria1.png\",\"width\":888,\"height\":817},{\"@type\":\"BreadcrumbList\",\"@id\":\"https:\/\/pcyti.izt.uam.mx\/?page_id=162#breadcrumb\",\"itemListElement\":[{\"@type\":\"ListItem\",\"position\":1,\"name\":\"Inicio\",\"item\":\"https:\/\/pcyti.izt.uam.mx\/\"},{\"@type\":\"ListItem\",\"position\":2,\"name\":\"Informaci\u00f3n general &#8211; Doctorado\"}]},{\"@type\":\"WebSite\",\"@id\":\"https:\/\/pcyti.izt.uam.mx\/#website\",\"url\":\"https:\/\/pcyti.izt.uam.mx\/\",\"name\":\"Posgrado en Ciencias y Tecnolog\u00edas de la Informaci\u00f3n\",\"description\":\"\",\"publisher\":{\"@id\":\"https:\/\/pcyti.izt.uam.mx\/#organization\"},\"potentialAction\":[{\"@type\":\"SearchAction\",\"target\":{\"@type\":\"EntryPoint\",\"urlTemplate\":\"https:\/\/pcyti.izt.uam.mx\/?s={search_term_string}\"},\"query-input\":{\"@type\":\"PropertyValueSpecification\",\"valueRequired\":true,\"valueName\":\"search_term_string\"}}],\"inLanguage\":\"es\"},{\"@type\":\"Organization\",\"@id\":\"https:\/\/pcyti.izt.uam.mx\/#organization\",\"name\":\"Posgrado en Ciencias y Tecnolog\u00edas de la Informaci\u00f3n\",\"url\":\"https:\/\/pcyti.izt.uam.mx\/\",\"logo\":{\"@type\":\"ImageObject\",\"inLanguage\":\"es\",\"@id\":\"https:\/\/pcyti.izt.uam.mx\/#\/schema\/logo\/image\/\",\"url\":\"https:\/\/pcyti.izt.uam.mx\/wp-content\/uploads\/2021\/12\/logo_pcyti_small.png\",\"contentUrl\":\"https:\/\/pcyti.izt.uam.mx\/wp-content\/uploads\/2021\/12\/logo_pcyti_small.png\",\"width\":71,\"height\":100,\"caption\":\"Posgrado en Ciencias y Tecnolog\u00edas de la Informaci\u00f3n\"},\"image\":{\"@id\":\"https:\/\/pcyti.izt.uam.mx\/#\/schema\/logo\/image\/\"},\"sameAs\":[\"https:\/\/www.facebook.com\/pcyti\/\"]}]}<\/script>\n<!-- \/ Yoast SEO plugin. -->","yoast_head_json":{"title":"Informaci\u00f3n general - Doctorado - Posgrado en Ciencias y Tecnolog\u00edas de la Informaci\u00f3n","robots":{"index":"index","follow":"follow","max-snippet":"max-snippet:-1","max-image-preview":"max-image-preview:large","max-video-preview":"max-video-preview:-1"},"canonical":"https:\/\/pcyti.izt.uam.mx\/?page_id=162","og_locale":"es_MX","og_type":"article","og_title":"Informaci\u00f3n general - Doctorado - Posgrado en Ciencias y Tecnolog\u00edas de la Informaci\u00f3n","og_description":"Doctorado en Ciencias (Ciencias y Tecnolog\u00edas de la Informaci\u00f3n) Informaci\u00f3n general Presentaci\u00f3n A finales del siglo XX,&nbsp;la sociedad experiment\u00f3 un cambio fundamental al pasar de una \u201csociedad industrial\u201d a una \u201csociedad de la comunicaci\u00f3n\u201d. Desde su creaci\u00f3n la computaci\u00f3n se convirti\u00f3 en&nbsp;la tecnolog\u00eda de nuestra era y, cuando las comunicaciones permitieron la interconexi\u00f3n de las","og_url":"https:\/\/pcyti.izt.uam.mx\/?page_id=162","og_site_name":"Posgrado en Ciencias y Tecnolog\u00edas de la Informaci\u00f3n","article_publisher":"https:\/\/www.facebook.com\/pcyti\/","article_modified_time":"2023-03-24T19:16:34+00:00","og_image":[{"url":"https:\/\/pcyti.izt.uam.mx\/wp-content\/uploads\/maestria1.png","type":"","width":"","height":""}],"twitter_card":"summary_large_image","twitter_misc":{"Tiempo de lectura":"6 minutos"},"schema":{"@context":"https:\/\/schema.org","@graph":[{"@type":"WebPage","@id":"https:\/\/pcyti.izt.uam.mx\/?page_id=162","url":"https:\/\/pcyti.izt.uam.mx\/?page_id=162","name":"Informaci\u00f3n general - Doctorado - Posgrado en Ciencias y Tecnolog\u00edas de la Informaci\u00f3n","isPartOf":{"@id":"https:\/\/pcyti.izt.uam.mx\/#website"},"primaryImageOfPage":{"@id":"https:\/\/pcyti.izt.uam.mx\/?page_id=162#primaryimage"},"image":{"@id":"https:\/\/pcyti.izt.uam.mx\/?page_id=162#primaryimage"},"thumbnailUrl":"https:\/\/pcyti.izt.uam.mx\/wp-content\/uploads\/maestria1.png","datePublished":"2021-12-06T23:12:32+00:00","dateModified":"2023-03-24T19:16:34+00:00","breadcrumb":{"@id":"https:\/\/pcyti.izt.uam.mx\/?page_id=162#breadcrumb"},"inLanguage":"es","potentialAction":[{"@type":"ReadAction","target":["https:\/\/pcyti.izt.uam.mx\/?page_id=162"]}]},{"@type":"ImageObject","inLanguage":"es","@id":"https:\/\/pcyti.izt.uam.mx\/?page_id=162#primaryimage","url":"https:\/\/pcyti.izt.uam.mx\/wp-content\/uploads\/maestria1.png","contentUrl":"https:\/\/pcyti.izt.uam.mx\/wp-content\/uploads\/maestria1.png","width":888,"height":817},{"@type":"BreadcrumbList","@id":"https:\/\/pcyti.izt.uam.mx\/?page_id=162#breadcrumb","itemListElement":[{"@type":"ListItem","position":1,"name":"Inicio","item":"https:\/\/pcyti.izt.uam.mx\/"},{"@type":"ListItem","position":2,"name":"Informaci\u00f3n general &#8211; Doctorado"}]},{"@type":"WebSite","@id":"https:\/\/pcyti.izt.uam.mx\/#website","url":"https:\/\/pcyti.izt.uam.mx\/","name":"Posgrado en Ciencias y Tecnolog\u00edas de la Informaci\u00f3n","description":"","publisher":{"@id":"https:\/\/pcyti.izt.uam.mx\/#organization"},"potentialAction":[{"@type":"SearchAction","target":{"@type":"EntryPoint","urlTemplate":"https:\/\/pcyti.izt.uam.mx\/?s={search_term_string}"},"query-input":{"@type":"PropertyValueSpecification","valueRequired":true,"valueName":"search_term_string"}}],"inLanguage":"es"},{"@type":"Organization","@id":"https:\/\/pcyti.izt.uam.mx\/#organization","name":"Posgrado en Ciencias y Tecnolog\u00edas de la Informaci\u00f3n","url":"https:\/\/pcyti.izt.uam.mx\/","logo":{"@type":"ImageObject","inLanguage":"es","@id":"https:\/\/pcyti.izt.uam.mx\/#\/schema\/logo\/image\/","url":"https:\/\/pcyti.izt.uam.mx\/wp-content\/uploads\/2021\/12\/logo_pcyti_small.png","contentUrl":"https:\/\/pcyti.izt.uam.mx\/wp-content\/uploads\/2021\/12\/logo_pcyti_small.png","width":71,"height":100,"caption":"Posgrado en Ciencias y Tecnolog\u00edas de la Informaci\u00f3n"},"image":{"@id":"https:\/\/pcyti.izt.uam.mx\/#\/schema\/logo\/image\/"},"sameAs":["https:\/\/www.facebook.com\/pcyti\/"]}]}},"_links":{"self":[{"href":"https:\/\/pcyti.izt.uam.mx\/index.php?rest_route=\/wp\/v2\/pages\/162","targetHints":{"allow":["GET"]}}],"collection":[{"href":"https:\/\/pcyti.izt.uam.mx\/index.php?rest_route=\/wp\/v2\/pages"}],"about":[{"href":"https:\/\/pcyti.izt.uam.mx\/index.php?rest_route=\/wp\/v2\/types\/page"}],"author":[{"embeddable":true,"href":"https:\/\/pcyti.izt.uam.mx\/index.php?rest_route=\/wp\/v2\/users\/2"}],"replies":[{"embeddable":true,"href":"https:\/\/pcyti.izt.uam.mx\/index.php?rest_route=%2Fwp%2Fv2%2Fcomments&post=162"}],"version-history":[{"count":2,"href":"https:\/\/pcyti.izt.uam.mx\/index.php?rest_route=\/wp\/v2\/pages\/162\/revisions"}],"predecessor-version":[{"id":4422,"href":"https:\/\/pcyti.izt.uam.mx\/index.php?rest_route=\/wp\/v2\/pages\/162\/revisions\/4422"}],"wp:attachment":[{"href":"https:\/\/pcyti.izt.uam.mx\/index.php?rest_route=%2Fwp%2Fv2%2Fmedia&parent=162"}],"curies":[{"name":"wp","href":"https:\/\/api.w.org\/{rel}","templated":true}]}}